{"id":2,"date":"2010-06-29T18:58:12","date_gmt":"2010-06-29T18:58:12","guid":{"rendered":"http:\/\/balulap.hu\/?page_id=2"},"modified":"2011-03-02T14:00:57","modified_gmt":"2011-03-02T12:00:57","slug":"about","status":"publish","type":"page","link":"https:\/\/balulap.hu\/index.php\/about\/","title":{"rendered":"R\u00f3lam"},"content":{"rendered":"<p style=\"text-align: justify;\">\n<figure id=\"attachment_262\" aria-describedby=\"caption-attachment-262\" style=\"width: 225px\" class=\"wp-caption alignleft\"><a rel=\"lightbox\" href=\"http:\/\/balulap.hu\/wp-content\/uploads\/2010\/06\/Entelektuell.jpg\"><img decoding=\"async\" loading=\"lazy\" class=\"size-medium wp-image-262   \" title=\"Entellekt\u00fcel\" src=\"http:\/\/balulap.hu\/wp-content\/uploads\/2010\/06\/Entelektuell-225x300.jpg\" alt=\"Zaicsek Bal\u00e1zs\" width=\"225\" height=\"300\" \/><\/a><figcaption id=\"caption-attachment-262\" class=\"wp-caption-text\">Zaicsek Bal\u00e1zs -- az egy k\u00f6lcs\u00f6n-szem\u00fcveg<\/figcaption><\/figure>\n<p style=\"text-align: justify;\">Amikor megk\u00e9rnek r\u00e1, hogy mutatkozz be, akkor nagyon sokf\u00e9lek\u00e9ppen teheted azt meg. Arr\u00f3l nem is besz\u00e9lve, hogy sokf\u00e9le kontextusban hangozhat el ez a k\u00e9r\u00e9s. P\u00e9ld\u00e1ul, amikor t\u0151lem egy \u00e1ll\u00e1sinterj\u00fan \u00f6n\u00e9letrajzot k\u00e9rnek, akkor arr\u00f3l mes\u00e9lek, hogy a p\u00e1pai Pet\u0151fi S\u00e1ndor Gimn\u00e1ziumban v\u00e9geztem, hogy az E\u00f6tv\u00f6s Lor\u00e1nd Tudom\u00e1nyegyetem Informatikai kar\u00e1n szereztem diplom\u00e1t, \u00e9s hogy a sz\u00e1m\u00edt\u00e1stechnika mely r\u00e9szei \u00e9rdekelnek.<\/p>\n<p style=\"text-align: justify;\">Ha egy irodalmi p\u00e1ly\u00e1zatra, vagy egy foly\u00f3iratnak k\u00fcld\u00f6k be munk\u00e1t, akkor ez eddig megjelen\u00e9seim \u00e9s d\u00edjaim ker\u00fclnek el\u0151. Akkor \u00e9n vagyok Zaicsek Bal\u00e1zs, aki ezt-\u00e9s-ezt \u00e9rte el.<\/p>\n<p style=\"text-align: justify;\">Ha a koll\u00e9giumban mutatkozom be, akkor Balu vagyok. Csak \u00edgy, egyszer\u0171en. Esetleg Balu, aki itt lakom a\u2026 Mert ez sz\u00e1m\u00edt. Ez adta az alapot a tal\u00e1lkoz\u00e1sra. \u00c9s ez a fontos, a tal\u00e1lkoz\u00e1s, a fix pont, amiben mindketten ott vagyunk, \u00e9s amihez k\u00e9pest el kell helyezni a m\u00e1sikat. (K\u00e9t f\u00fcggetlen inerciarendszer k\u00f6z\u00f6tt neh\u00e9z j\u00f3 izomorfizmust tal\u00e1lni. Bizony, ilyeneket is mondok n\u00e9ha.)<\/p>\n<p style=\"text-align: justify;\">Ha bemutatnak, az k\u00f6nny\u0171. Akkor m\u00e1s megoldja helyetted. Ha te te mutatkozol be\u2026 Ha te mutatkozol be, akkor vagy csalsz, \u00e9s csak annyit mondasz: \u00edgy h\u00edvnak, vagy azt mondod, \u00edgy h\u00edvnak <em><span style=\"font-size: large;\">\u00e9s<\/span><\/em> <strong>ez vagyok<\/strong>.<\/p>\n<p style=\"text-align: justify;\">Ez a baj. Ez az <em>\u00e9s ez vagyok<\/em>. Mert a legt\u00f6bb ember ilyenkor azt mondja, ami a munk\u00e1ja. A legt\u00f6bb egyetemista azt, ami a szakja. De \u00e9n azt nem akarom. Mert nem arr\u00f3l sz\u00f3lok. Dolgozom rajta, hogy m\u00e1shogy legyen, hogy amikor kezet fogok valakivel, azt mondhassam: Zaicsek Bal\u00e1zs, \u00edr\u00f3.<\/p>\n<p style=\"text-align: right;\">A t\u00f6bbit meg majd megl\u00e1tjuk!<\/p>\n","protected":false},"excerpt":{"rendered":"<p>Amikor megk\u00e9rnek r\u00e1, hogy mutatkozz be, akkor nagyon sokf\u00e9lek\u00e9ppen teheted azt meg. Arr\u00f3l nem is besz\u00e9lve, hogy sokf\u00e9le kontextusban hangozhat el ez a k\u00e9r\u00e9s. P\u00e9ld\u00e1ul, amikor t\u0151lem egy \u00e1ll\u00e1sinterj\u00fan \u00f6n\u00e9letrajzot k\u00e9rnek, akkor arr\u00f3l mes\u00e9lek, hogy a p\u00e1pai Pet\u0151fi S\u00e1ndor Gimn\u00e1ziumban v\u00e9geztem, hogy az E\u00f6tv\u00f6s Lor\u00e1nd Tudom\u00e1nyegyetem Informatikai kar\u00e1n szereztem diplom\u00e1t, \u00e9s hogy a sz\u00e1m\u00edt\u00e1stechnika mely [&hellip;]<\/p>\n","protected":false},"author":1,"featured_media":0,"parent":0,"menu_order":0,"comment_status":"open","ping_status":"open","template":"","meta":{"footnotes":""},"_links":{"self":[{"href":"https:\/\/balulap.hu\/index.php\/wp-json\/wp\/v2\/pages\/2"}],"collection":[{"href":"https:\/\/balulap.hu\/index.php\/wp-json\/wp\/v2\/pages"}],"about":[{"href":"https:\/\/balulap.hu\/index.php\/wp-json\/wp\/v2\/types\/page"}],"author":[{"embeddable":true,"href":"https:\/\/balulap.hu\/index.php\/wp-json\/wp\/v2\/users\/1"}],"replies":[{"embeddable":true,"href":"https:\/\/balulap.hu\/index.php\/wp-json\/wp\/v2\/comments?post=2"}],"version-history":[{"count":8,"href":"https:\/\/balulap.hu\/index.php\/wp-json\/wp\/v2\/pages\/2\/revisions"}],"predecessor-version":[{"id":796,"href":"https:\/\/balulap.hu\/index.php\/wp-json\/wp\/v2\/pages\/2\/revisions\/796"}],"wp:attachment":[{"href":"https:\/\/balulap.hu\/index.php\/wp-json\/wp\/v2\/media?parent=2"}],"curies":[{"name":"wp","href":"https:\/\/api.w.org\/{rel}","templated":true}]}}